{"id":72,"date":"2013-04-07T20:30:41","date_gmt":"2013-04-07T19:30:41","guid":{"rendered":"http:\/\/spr-renens.ch\/?page_id=72"},"modified":"2018-09-06T19:32:32","modified_gmt":"2018-09-06T17:32:32","slug":"contact","status":"publish","type":"page","link":"https:\/\/spr-renens.ch\/?page_id=72","title":{"rendered":"Contact"},"content":{"rendered":"<div id=\"attachment_32\" style=\"width: 227px\" class=\"wp-caption alignnone\"><a href=\"http:\/\/spr-renens.ch\/wp-content\/uploads\/2013\/04\/signet-SPR-e1365619758664.jpg\"><img fetchpriority=\"high\" decoding=\"async\" aria-describedby=\"caption-attachment-32\" class=\"size-medium wp-image-32\" src=\"http:\/\/spr-renens.ch\/wp-content\/uploads\/2013\/04\/signet-SPR-217x300.jpg\" alt=\"Signet SPR\" width=\"217\" height=\"300\" \/><\/a><p id=\"caption-attachment-32\" class=\"wp-caption-text\">Signet SPR<\/p><\/div>\n<h4>Adresse postale :\u00a0 <strong>Soci\u00e9t\u00e9 Philat\u00e9lique de Renens, 1020 Renens \u00a0\u00a0\u00a0 <\/strong>(ne pas utiliser case postale)<strong><br \/>\n<\/strong><\/h4>\n<p>Adresse mail du pr\u00e9sident :\u00a0\u00a0\u00a0\u00a0 <strong>president@spr-renens.ch<\/strong><\/p>\n<p>Adresse mail jeunesse :\u00a0\u00a0\u00a0\u00a0\u00a0\u00a0\u00a0\u00a0\u00a0\u00a0\u00a0 <strong>jeunesse@spr-renens.ch<\/strong><\/p>\n<p>Adresse mail webmaster:\u00a0\u00a0\u00a0\u00a0\u00a0\u00a0\u00a0\u00a0 <strong>daniel.wenger@spr-renens.ch<\/strong><\/p>\n","protected":false},"excerpt":{"rendered":"<p>Adresse postale :\u00a0 Soci\u00e9t\u00e9 Philat\u00e9lique de Renens, 1020 Renens \u00a0\u00a0\u00a0 (ne pas utiliser case postale) Adresse mail du pr\u00e9sident :\u00a0\u00a0\u00a0\u00a0 president@spr-renens.ch Adresse mail jeunesse :\u00a0\u00a0\u00a0\u00a0\u00a0\u00a0\u00a0\u00a0\u00a0\u00a0\u00a0 jeunesse@spr-renens.ch Adresse mail webmaster:\u00a0\u00a0\u00a0\u00a0\u00a0\u00a0\u00a0\u00a0 daniel.wenger@spr-renens.ch<\/p>\n","protected":false},"author":1,"featured_media":0,"parent":0,"menu_order":0,"comment_status":"open","ping_status":"open","template":"","meta":{"footnotes":"","_links_to":"","_links_to_target":""},"class_list":["post-72","page","type-page","status-publish","hentry"],"_links":{"self":[{"href":"https:\/\/spr-renens.ch\/index.php?rest_route=\/wp\/v2\/pages\/72","targetHints":{"allow":["GET"]}}],"collection":[{"href":"https:\/\/spr-renens.ch\/index.php?rest_route=\/wp\/v2\/pages"}],"about":[{"href":"https:\/\/spr-renens.ch\/index.php?rest_route=\/wp\/v2\/types\/page"}],"author":[{"embeddable":true,"href":"https:\/\/spr-renens.ch\/index.php?rest_route=\/wp\/v2\/users\/1"}],"replies":[{"embeddable":true,"href":"https:\/\/spr-renens.ch\/index.php?rest_route=%2Fwp%2Fv2%2Fcomments&post=72"}],"version-history":[{"count":17,"href":"https:\/\/spr-renens.ch\/index.php?rest_route=\/wp\/v2\/pages\/72\/revisions"}],"predecessor-version":[{"id":1626,"href":"https:\/\/spr-renens.ch\/index.php?rest_route=\/wp\/v2\/pages\/72\/revisions\/1626"}],"wp:attachment":[{"href":"https:\/\/spr-renens.ch\/index.php?rest_route=%2Fwp%2Fv2%2Fmedia&parent=72"}],"curies":[{"name":"wp","href":"https:\/\/api.w.org\/{rel}","templated":true}]}}