{"id":686,"date":"2013-11-03T21:56:00","date_gmt":"2013-11-03T19:56:00","guid":{"rendered":"http:\/\/spr-renens.ch\/?page_id=686"},"modified":"2026-04-13T08:31:46","modified_gmt":"2026-04-13T06:31:46","slug":"links","status":"publish","type":"page","link":"https:\/\/spr-renens.ch\/?page_id=686","title":{"rendered":"Liens"},"content":{"rendered":"<ul>\n<li><strong><a title=\"F\u00e9d\u00e9ration des Soci\u00e9t\u00e9s Philat\u00e9liques Suisses\" href=\"http:\/\/www.vsphv.ch\/fr\/accueil\/\" target=\"_blank\" rel=\"noopener\">F\u00e9d\u00e9ration des Soci\u00e9t\u00e9s Philat\u00e9liques Suisses\u00a0 FSPhS\u00a0 \/ VSPhV<\/a><\/strong><\/li>\n<li>SBZ\/JPhS\u00a0 <strong><a href=\"https:\/\/www.briefmarkenzeitung.ch\/\">https:\/\/www.briefmarkenzeitung.ch\/<\/a><\/strong><\/li>\n<\/ul>\n<ul>\n<li><strong><a title=\"SLT Soci\u00e9t\u00e9 Lausannoise de Timbrologie\" href=\"http:\/\/www.philatelie-lausanne.ch\/\" target=\"_blank\" rel=\"noopener\">Soci\u00e9t\u00e9 Lausannoise de Timbrologie\u00a0 SLT<\/a><\/strong><\/li>\n<li><a href=\"https:\/\/cartophilie.ch\/\" target=\"_blank\" rel=\"noopener\"><strong>Soci\u00e9t\u00e9 romande de cartophilie\u00a0 SRC<\/strong><\/a><\/li>\n<li><a href=\"https:\/\/philabulle.ch\/cepl\/\"><strong>Page CEPL<\/strong> Soci\u00e9t\u00e9 de Bulle<\/a>\u00a0 https:\/\/philabulle.ch\/cepl\/<\/li>\n<li><strong><a href=\"http:\/\/www.cpde.ch\/\" target=\"_blank\" rel=\"noopener\">Club philat\u00e9lique de Del\u00e9mont<\/a> et environs<\/strong><\/li>\n<li><a href=\"https:\/\/www.philameyrin.ch\/\"><strong>Club Philat\u00e9lique de Meyrin CPM<\/strong><\/a><\/li>\n<\/ul>\n<ul>\n<li><strong><a href=\"http:\/\/www.rhonephilatelie.ch\">Rh\u00f4ne-Philat\u00e9lie<\/a><\/strong><\/li>\n<li><a href=\"https:\/\/www.lefar.ch\/listing\/societe-philatelique-de-renens-spr\/\" target=\"_blank\" rel=\"noopener\"><strong>Forum des Associations renanaises FAR Renens<\/strong><\/a><\/li>\n<\/ul>\n\n\n<p><\/p>\n","protected":false},"excerpt":{"rendered":"<p>F\u00e9d\u00e9ration des Soci\u00e9t\u00e9s Philat\u00e9liques Suisses\u00a0 FSPhS\u00a0 \/ VSPhV SBZ\/JPhS\u00a0 https:\/\/www.briefmarkenzeitung.ch\/ Soci\u00e9t\u00e9 Lausannoise de Timbrologie\u00a0 SLT Soci\u00e9t\u00e9 romande de cartophilie\u00a0 SRC Page CEPL Soci\u00e9t\u00e9 de Bulle\u00a0 https:\/\/philabulle.ch\/cepl\/ Club philat\u00e9lique de Del\u00e9mont et environs Club Philat\u00e9lique de Meyrin CPM Rh\u00f4ne-Philat\u00e9lie Forum des &hellip; <a href=\"https:\/\/spr-renens.ch\/?page_id=686\">Continuer la lecture <span class=\"meta-nav\">&rarr;<\/span><\/a><\/p>\n","protected":false},"author":1,"featured_media":0,"parent":0,"menu_order":0,"comment_status":"open","ping_status":"closed","template":"","meta":{"footnotes":"","_links_to":"","_links_to_target":""},"class_list":["post-686","page","type-page","status-publish","hentry"],"_links":{"self":[{"href":"https:\/\/spr-renens.ch\/index.php?rest_route=\/wp\/v2\/pages\/686","targetHints":{"allow":["GET"]}}],"collection":[{"href":"https:\/\/spr-renens.ch\/index.php?rest_route=\/wp\/v2\/pages"}],"about":[{"href":"https:\/\/spr-renens.ch\/index.php?rest_route=\/wp\/v2\/types\/page"}],"author":[{"embeddable":true,"href":"https:\/\/spr-renens.ch\/index.php?rest_route=\/wp\/v2\/users\/1"}],"replies":[{"embeddable":true,"href":"https:\/\/spr-renens.ch\/index.php?rest_route=%2Fwp%2Fv2%2Fcomments&post=686"}],"version-history":[{"count":17,"href":"https:\/\/spr-renens.ch\/index.php?rest_route=\/wp\/v2\/pages\/686\/revisions"}],"predecessor-version":[{"id":3460,"href":"https:\/\/spr-renens.ch\/index.php?rest_route=\/wp\/v2\/pages\/686\/revisions\/3460"}],"wp:attachment":[{"href":"https:\/\/spr-renens.ch\/index.php?rest_route=%2Fwp%2Fv2%2Fmedia&parent=686"}],"curies":[{"name":"wp","href":"https:\/\/api.w.org\/{rel}","templated":true}]}}