{"id":43,"date":"2013-04-07T15:18:26","date_gmt":"2013-04-07T14:18:26","guid":{"rendered":"http:\/\/spr-renens.ch\/?page_id=43"},"modified":"2026-02-26T11:52:40","modified_gmt":"2026-02-26T10:52:40","slug":"a-propos","status":"publish","type":"page","link":"https:\/\/spr-renens.ch\/?page_id=43","title":{"rendered":"A PROPOS"},"content":{"rendered":"\t\t<div data-elementor-type=\"wp-page\" data-elementor-id=\"43\" class=\"elementor elementor-43\">\n\t\t\t\t\t\t<section class=\"elementor-section elementor-top-section elementor-element elementor-element-6ef0b67f elementor-section-boxed elementor-section-height-default elementor-section-height-default\" data-id=\"6ef0b67f\" data-element_type=\"section\" data-e-type=\"section\">\n\t\t\t\t\t\t<div class=\"elementor-container elementor-column-gap-default\">\n\t\t\t\t\t<div class=\"elementor-column elementor-col-100 elementor-top-column elementor-element elementor-element-1362fa00\" data-id=\"1362fa00\" data-element_type=\"column\" data-e-type=\"column\">\n\t\t\t<div class=\"elementor-widget-wrap elementor-element-populated\">\n\t\t\t\t\t\t<div class=\"elementor-element elementor-element-5fc9cea6 elementor-widget elementor-widget-text-editor\" data-id=\"5fc9cea6\" data-element_type=\"widget\" data-e-type=\"widget\" data-widget_type=\"text-editor.default\">\n\t\t\t\t<div class=\"elementor-widget-container\">\n\t\t\t\t\t\t\t\t\t<h2>L&rsquo;assembl\u00e9e constitutive a eu lieu le 19 novembre 1964. La soci\u00e9t\u00e9 compte\u00a0 environ 45 membres, elle fait partie de la F\u00e9d\u00e9ration des Soci\u00e9t\u00e9s Philat\u00e9liques Suisses.<\/h2>\n<p>Les r\u00e9unions sont mensuelles , normalement le dernier vendredi du mois \u00e0 la MAISON DU PEUPLE \u00e0 Renens (Restaurant du Bol d&rsquo;Or) dans la salle \u00ab\u00a0Ernest Gloor\u00a0\u00bb..Pour ceux. qui ne souhaitent plus se d\u00e9placer le soir, quelques r\u00e9unions un jeudi matin par mois de 10h- midi avec possibilit\u00e9 de repas sont aussi agend\u00e9es,\u00a0<\/p>\n<h2>Dans les activit\u00e9s sont \u00e0 mentionner :<\/h2>\n<ul>\n<li>Organisation annuelle d&rsquo;une EXPO-BOURSE (d\u00e9but mars) dans la SALLE DE SPECTACLE DE RENENS<\/li>\n<li>Sortie annuelle (par exemple pour visiter une exposition)<\/li>\n<li>Sortie Familles (repas-broche convivial avec animation)<\/li>\n<li>Conf\u00e9rences (lors des r\u00e9unions mensuels)<\/li>\n<li>Mise \u00e0 l&rsquo;ench\u00e8re de timbres-postes<\/li>\n<li>Circulation de carnet de timbres (via SLT)<\/li>\n<li>Biblioth\u00e8que ( catalogues et ouvrages de r\u00e9f\u00e9rence)<\/li>\n<\/ul>\n<p>Dans les souhaits d&rsquo;activit\u00e9s figurent :<\/p>\n<ul>\n<li>D\u00e9velopper le groupe Jeunesse\u00a0 ( d\u00e8s 8 ans )<\/li>\n<li>Recherche de nouveaux membres<\/li>\n<li>Formation de novices<\/li>\n<\/ul>\n<h2>Le comit\u00e9 se compose de<\/h2>\n<ul>\n<li style=\"text-align: justify;\">Daniel Wenger\u00a0\u00a0\u00a0\u00a0\u00a0\u00a0\u00a0\u00a0\u00a0\u00a0\u00a0\u00a0\u00a0\u00a0\u00a0\u00a0\u00a0\u00a0\u00a0\u00a0\u00a0\u00a0\u00a0 Pr\u00e9sident, internet , conf\u00e9rences, Juniors<\/li>\n<li>Jean-Louis Rapin\u00a0 \u00a0 \u00a0 \u00a0 \u00a0 \u00a0 \u00a0 \u00a0 \u00a0 \u00a0Vice-pr\u00e9sident, Biblioth\u00e8que<\/li>\n<li style=\"text-align: justify;\">Ernest Fehr\u00a0 \u00a0 \u00a0 \u00a0 \u00a0 \u00a0 \u00a0 \u00a0 \u00a0 \u00a0 \u00a0 \u00a0 \u00a0 \u00a0 \u00a0Secr\u00e9taire<\/li>\n<li style=\"text-align: justify;\">Jean-Charles Balocco\u00a0 \u00a0 \u00a0 \u00a0 \u00a0 \u00a0Tr\u00e9sorier<\/li>\n<\/ul>\n<div style=\"text-align: justify;\"><strong>Cotisation 2023 et 2024<\/strong><\/div>\n<ul>\n<li>Finance d&rsquo;ent\u00e9e\u00a0 \u00a0 \u00a0 \u00a0 \u00a0Fr.50.-\u00a0 (gratuit pour des juniors)<\/li>\n<li>Membre simple\u00a0 \u00a0 \u00a0 \u00a0 \u00a0Fr. 65.-\/an<\/li>\n<li>Membre double\u00a0 \u00a0 \u00a0 \u00a0 \u00a0Fr.55.-\/an\u00a0 (membre de plusieurs soci\u00e9t\u00e9s phil. FSPhS<\/li>\n<\/ul>\n<p><\/p>\n<p><strong><a href=\"https:\/\/spr-renens.ch\/?attachment_id=1927\">Formulaire d&rsquo;admission<\/a><\/strong> avec possibilit\u00e9 de le remplir et de l&rsquo;enregistrer sur votre ordinateur.<\/p>\n<p><\/p>\n<p><\/p>\n<p><strong>Inscription \u00e0 la Newslettre<\/strong><strong>\u00a0<\/strong><input style=\"display: none;\" name=\"email\" type=\"email\" \/><input name=\"key\" type=\"hidden\" value=\"eyJpdiI6ImNqSDVtQTNDczFLQ3dzVnNYampYcGlwbXIySTRxK3ErckRacFZDRE5kN2M9IiwibWFjIjoiZmZjYjdjMWQ1MmE2YWUyMDk5YWI1MzYxZDY0ODQwMjQyYmVmMWQyMTZjODllNjEzNzc1ZjQ0N2Y5Yzc3Mzk1NSIsInZhbHVlIjoiS3c0czRNTHRobytFb0hpYmVYVlFua1lnb1M1ak5VdE1cL2Z5bVpCa1ZqNTA9In0=\" \/><input name=\"webform_id\" type=\"hidden\" value=\"13892\" \/><style> .inf-main_bbe2977a4c5b136df752894d93b44c72{ background-color:#f5f5f5; padding:25px 20px; margin:25px auto; } .inf-main_bbe2977a4c5b136df752894d93b44c72 .inf-content { margin-top:13px;} .inf-main_bbe2977a4c5b136df752894d93b44c72 h4, .inf-main_bbe2977a4c5b136df752894d93b44c72 span, .inf-main_bbe2977a4c5b136df752894d93b44c72 label, .inf-main_bbe2977a4c5b136df752894d93b44c72 input, .inf-main_bbe2977a4c5b136df752894d93b44c72 .inf-submit, .inf-main_bbe2977a4c5b136df752894d93b44c72 .inf-success p a { color:#555555; font-size:14px; } .inf-main_bbe2977a4c5b136df752894d93b44c72 h4{ font-size:18px; margin:0px 0px 13px 0px; } .inf-main_bbe2977a4c5b136df752894d93b44c72 h4, .inf-main_bbe2977a4c5b136df752894d93b44c72 label{ font-weight:bold; } .inf-main_bbe2977a4c5b136df752894d93b44c72 .inf-input { margin-bottom:7px; } .inf-main_bbe2977a4c5b136df752894d93b44c72 label { display:block;} .inf-main_bbe2977a4c5b136df752894d93b44c72 input{ height:35px; color:#999999; border: 1px solid #E9E9E9; border:none; padding-left:7px; } .inf-main_bbe2977a4c5b136df752894d93b44c72 .inf-input.inf-error label, .inf-main_bbe2977a4c5b136df752894d93b44c72 .inf-input.inf-error span.inf-message{ color: #cc0033; } .inf-main_bbe2977a4c5b136df752894d93b44c72 .inf-input.inf-error input{ border: 1px solid #cc0033; } .inf-main_bbe2977a4c5b136df752894d93b44c72 .inf-input input { width:100%;} .inf-main_bbe2977a4c5b136df752894d93b44c72 .inf-input.inf-error span.inf-message { display: block; } .inf-main_bbe2977a4c5b136df752894d93b44c72 .inf-submit { text-align:right;} .inf-main_bbe2977a4c5b136df752894d93b44c72 .inf-submit input{ background-color:#777777; color:#ffffff; border:none; font-weight: normal; height:auto; padding:7px; } .inf-main_bbe2977a4c5b136df752894d93b44c72 .inf-submit input.disabled{ opacity: 0.4; } .inf-btn { color: rgb(85, 85, 85); border: medium none; font-weight: normal; height: auto; padding: 7px; display: inline-block; background-color: white; box-shadow: 0px 1px 1px rgba(0, 0, 0, 0.24); border-radius: 2px; line-height: 1em; } .inf-rgpd { margin:25px 0px 15px 0px; color:#555555; } .altcha-label span { color: #555 } <\/style><\/p>\n<form class=\"inf-form\" action=\"https:\/\/newsletter.infomaniak.com\/v3\/api\/1\/newsletters\/webforms\/13892\/submit\" method=\"post\">\n<div class=\"inf-main_bbe2977a4c5b136df752894d93b44c72\">\n<h4>Newsletter INFO-SPR Renens<\/h4>\nNe manquez pas les promotions et les nouveaut\u00e9s que nous r\u00e9servons \u00e0 nos fid\u00e8les abonn\u00e9s.\n<div class=\"inf-success\" style=\"display: none;\">\n<h4>Votre inscription a \u00e9t\u00e9 enregistr\u00e9e avec succ\u00e8s !<\/h4>\n<p><a class=\"inf-btn\" href=\"#\">\u00ab<\/a><\/p>\n<\/div>\n<div class=\"inf-content\">\n<div class=\"inf-input inf-input-text\"><input name=\"inf[1]\" required=\"required\" type=\"email\" placeholder=\"Email *\" data-inf-meta=\"1\" data-inf-error=\"Merci de renseigner une adresse email\" \/><\/div>\n<div class=\"inf-input inf-input-text\"><input name=\"inf[3]\" type=\"text\" placeholder=\"lastname \" data-inf-meta=\"3\" data-inf-error=\"Merci de renseigner une chaine de caract\u00e8re\" \/><\/div>\n<div class=\"inf-input inf-input-text\"><input name=\"inf[2]\" type=\"text\" placeholder=\"firstname \" data-inf-meta=\"2\" data-inf-error=\"Merci de renseigner une chaine de caract\u00e8re\" \/><\/div>\n<div class=\"inf-rgpd\">Votre adresse de messagerie est uniquement utilis\u00e9e pour vous envoyer notre lettre d&rsquo;information ainsi que des informations concernant nos activit\u00e9s. Vous pouvez \u00e0 tout moment utiliser le lien de d\u00e9sabonnement int\u00e9gr\u00e9 dans chacun de nos mails.<\/div>\n<script src=\"https:\/\/eu.altcha.org\/js\/latest\/altcha.min.js\" type=\"module\" defer><\/script> <script src=\"https:\/\/newsletter.storage5.infomaniak.com\/mcaptcha\/altcha.js\" defer> <\/script> <script type=\"text\/javascript\" src=\"https:\/\/newsletter.infomaniak.com\/v3\/static\/webform_index.js?v=1772101732\"><\/script>\n<div class=\"inf-submit\"><input style=\"margin-top: 25px;\" name=\"\" type=\"submit\" value=\"Valider\" \/><\/div>\n<\/div>\n<\/div>\n<\/form>\t\t\t\t\t\t\t\t<\/div>\n\t\t\t\t<\/div>\n\t\t\t\t<div class=\"elementor-element elementor-element-77de397 elementor-widget elementor-widget-button\" data-id=\"77de397\" data-element_type=\"widget\" data-e-type=\"widget\" data-widget_type=\"button.default\">\n\t\t\t\t<div class=\"elementor-widget-container\">\n\t\t\t\t\t\t\t\t\t<div class=\"elementor-button-wrapper\">\n\t\t\t\t\t<a class=\"elementor-button elementor-button-link elementor-size-sm\" href=\"https:\/\/spr-renens.ch\/wp-content\/uploads\/Statuts-SPR_2000.pdf\">\n\t\t\t\t\t\t<span class=\"elementor-button-content-wrapper\">\n\t\t\t\t\t\t\t\t\t<span class=\"elementor-button-text\">Statuts<\/span>\n\t\t\t\t\t<\/span>\n\t\t\t\t\t<\/a>\n\t\t\t\t<\/div>\n\t\t\t\t\t\t\t\t<\/div>\n\t\t\t\t<\/div>\n\t\t\t\t\t<\/div>\n\t\t<\/div>\n\t\t\t\t\t<\/div>\n\t\t<\/section>\n\t\t\t\t<\/div>\n\t\t","protected":false},"excerpt":{"rendered":"<p>L&rsquo;assembl\u00e9e constitutive a eu lieu le 19 novembre 1964. La soci\u00e9t\u00e9 compte\u00a0 environ 45 membres, elle fait partie de la F\u00e9d\u00e9ration des Soci\u00e9t\u00e9s Philat\u00e9liques Suisses. Les r\u00e9unions sont mensuelles , normalement le dernier vendredi du mois \u00e0 la MAISON DU &hellip; <a href=\"https:\/\/spr-renens.ch\/?page_id=43\">Continuer la lecture <span class=\"meta-nav\">&rarr;<\/span><\/a><\/p>\n","protected":false},"author":1,"featured_media":956,"parent":0,"menu_order":0,"comment_status":"open","ping_status":"open","template":"","meta":{"footnotes":"","_links_to":"","_links_to_target":""},"class_list":["post-43","page","type-page","status-publish","has-post-thumbnail","hentry"],"_links":{"self":[{"href":"https:\/\/spr-renens.ch\/index.php?rest_route=\/wp\/v2\/pages\/43","targetHints":{"allow":["GET"]}}],"collection":[{"href":"https:\/\/spr-renens.ch\/index.php?rest_route=\/wp\/v2\/pages"}],"about":[{"href":"https:\/\/spr-renens.ch\/index.php?rest_route=\/wp\/v2\/types\/page"}],"author":[{"embeddable":true,"href":"https:\/\/spr-renens.ch\/index.php?rest_route=\/wp\/v2\/users\/1"}],"replies":[{"embeddable":true,"href":"https:\/\/spr-renens.ch\/index.php?rest_route=%2Fwp%2Fv2%2Fcomments&post=43"}],"version-history":[{"count":53,"href":"https:\/\/spr-renens.ch\/index.php?rest_route=\/wp\/v2\/pages\/43\/revisions"}],"predecessor-version":[{"id":3455,"href":"https:\/\/spr-renens.ch\/index.php?rest_route=\/wp\/v2\/pages\/43\/revisions\/3455"}],"wp:featuredmedia":[{"embeddable":true,"href":"https:\/\/spr-renens.ch\/index.php?rest_route=\/wp\/v2\/media\/956"}],"wp:attachment":[{"href":"https:\/\/spr-renens.ch\/index.php?rest_route=%2Fwp%2Fv2%2Fmedia&parent=43"}],"curies":[{"name":"wp","href":"https:\/\/api.w.org\/{rel}","templated":true}]}}