{"id":2642,"date":"2022-12-15T10:46:05","date_gmt":"2022-12-15T09:46:05","guid":{"rendered":"https:\/\/spr-renens.ch\/?page_id=2642"},"modified":"2022-12-15T14:51:27","modified_gmt":"2022-12-15T13:51:27","slug":"connaissances-de-base","status":"publish","type":"page","link":"https:\/\/spr-renens.ch\/?page_id=2642","title":{"rendered":"Connaissances de base"},"content":{"rendered":"\t\t<div data-elementor-type=\"wp-page\" data-elementor-id=\"2642\" class=\"elementor elementor-2642\">\n\t\t\t\t\t\t<section class=\"elementor-section elementor-top-section elementor-element elementor-element-e1829d6 elementor-section-boxed elementor-section-height-default elementor-section-height-default\" data-id=\"e1829d6\" data-element_type=\"section\" data-e-type=\"section\">\n\t\t\t\t\t\t<div class=\"elementor-container elementor-column-gap-default\">\n\t\t\t\t\t<div class=\"elementor-column elementor-col-50 elementor-top-column elementor-element elementor-element-eb1e27f\" data-id=\"eb1e27f\" data-element_type=\"column\" data-e-type=\"column\">\n\t\t\t<div class=\"elementor-widget-wrap elementor-element-populated\">\n\t\t\t\t\t\t<div class=\"elementor-element elementor-element-76364bc elementor-widget elementor-widget-heading\" data-id=\"76364bc\" data-element_type=\"widget\" data-e-type=\"widget\" data-widget_type=\"heading.default\">\n\t\t\t\t<div class=\"elementor-widget-container\">\n\t\t\t\t\t<h2 class=\"elementor-heading-title elementor-size-large\">CONNAISSANCES DE BASE<\/h2>\t\t\t\t<\/div>\n\t\t\t\t<\/div>\n\t\t\t\t<div class=\"elementor-element elementor-element-93d11f5 elementor-widget elementor-widget-text-editor\" data-id=\"93d11f5\" data-element_type=\"widget\" data-e-type=\"widget\" data-widget_type=\"text-editor.default\">\n\t\t\t\t<div class=\"elementor-widget-container\">\n\t\t\t\t\t\t\t\t\t<ol><li><h4><strong>Pr\u00e9face<\/strong><\/h4><\/li><li><h4><a href=\"https:\/\/spr-renens.ch\/?p=2650\"><strong>Accessoires &#8211; catalogues<\/strong><\/a><\/h4><\/li><li><h4><a href=\"https:\/\/spr-renens.ch\/?p=2661\"><strong>Triage &#8211; Lavage &#8211; Conservation<\/strong><\/a><\/h4><\/li><li><h4><strong><a href=\"https:\/\/spr-renens.ch\/?p=2683\">Fabrication des timbres, marques de contr\u00f4le, filigranes,<\/a>\u00a0<\/strong><\/h4><\/li><li><h4><a href=\"https:\/\/spr-renens.ch\/?p=2707\"><strong>Vari\u00e9t\u00e9s &#8211; D\u00e9fauts de planche &#8211; Retouches<\/strong><\/a><\/h4><\/li><li><h4><a href=\"https:\/\/spr-renens.ch\/?p=2716\"><strong>Qualit\u00e9<\/strong><\/a><\/h4><\/li><li><h4><a href=\"https:\/\/spr-renens.ch\/?p=2724\"><strong>Oblit\u00e9rations<\/strong><\/a><\/h4><\/li><li><h4><a href=\"https:\/\/spr-renens.ch\/?p=2733\"><strong>Genres de collections<\/strong><\/a><\/h4><\/li><li><h4><strong>Montage d&rsquo;une page d&rsquo;album<\/strong><\/h4><\/li><li><h4><strong>Vente et Achat de timbres-poste<\/strong><\/h4><\/li><li><h4><strong>Falsifications &#8211; Expertises<\/strong><\/h4><\/li><li><h4><strong>Assurances &#8211; Imp\u00f4ts<\/strong><\/h4><\/li><li><h4><strong>Litt\u00e9rature &#8211; La Soci\u00e9t\u00e9 philat\u00e9lique<\/strong><\/h4><\/li><\/ol>\t\t\t\t\t\t\t\t<\/div>\n\t\t\t\t<\/div>\n\t\t\t\t\t<\/div>\n\t\t<\/div>\n\t\t\t\t<div class=\"elementor-column elementor-col-50 elementor-top-column elementor-element elementor-element-813f24d\" data-id=\"813f24d\" data-element_type=\"column\" data-e-type=\"column\">\n\t\t\t<div class=\"elementor-widget-wrap elementor-element-populated\">\n\t\t\t\t\t\t<div class=\"elementor-element elementor-element-e47845f elementor-widget elementor-widget-image\" data-id=\"e47845f\" data-element_type=\"widget\" data-e-type=\"widget\" data-widget_type=\"image.default\">\n\t\t\t\t<div class=\"elementor-widget-container\">\n\t\t\t\t\t\t\t\t\t\t\t\t\t\t\t<img fetchpriority=\"high\" decoding=\"async\" width=\"584\" height=\"902\" src=\"https:\/\/spr-renens.ch\/wp-content\/uploads\/00-Page-de-garde-663x1024.jpg\" class=\"attachment-large size-large wp-image-2643\" alt=\"\" srcset=\"https:\/\/spr-renens.ch\/wp-content\/uploads\/00-Page-de-garde-663x1024.jpg 663w, https:\/\/spr-renens.ch\/wp-content\/uploads\/00-Page-de-garde-194x300.jpg 194w, https:\/\/spr-renens.ch\/wp-content\/uploads\/00-Page-de-garde-768x1187.jpg 768w, https:\/\/spr-renens.ch\/wp-content\/uploads\/00-Page-de-garde-994x1536.jpg 994w, https:\/\/spr-renens.ch\/wp-content\/uploads\/00-Page-de-garde-1325x2048.jpg 1325w, https:\/\/spr-renens.ch\/wp-content\/uploads\/00-Page-de-garde-scaled.jpg 1657w\" sizes=\"(max-width: 584px) 100vw, 584px\" \/>\t\t\t\t\t\t\t\t\t\t\t\t\t\t\t<\/div>\n\t\t\t\t<\/div>\n\t\t\t\t\t<\/div>\n\t\t<\/div>\n\t\t\t\t\t<\/div>\n\t\t<\/section>\n\t\t\t\t<section class=\"elementor-section elementor-top-section elementor-element elementor-element-3234f5c elementor-section-boxed elementor-section-height-default elementor-section-height-default\" data-id=\"3234f5c\" data-element_type=\"section\" data-e-type=\"section\">\n\t\t\t\t\t\t<div class=\"elementor-container elementor-column-gap-default\">\n\t\t\t\t\t<div class=\"elementor-column elementor-col-100 elementor-top-column elementor-element elementor-element-06c5918\" data-id=\"06c5918\" data-element_type=\"column\" data-e-type=\"column\">\n\t\t\t<div class=\"elementor-widget-wrap elementor-element-populated\">\n\t\t\t\t\t\t<section class=\"elementor-section elementor-inner-section elementor-element elementor-element-06cc684 elementor-section-boxed elementor-section-height-default elementor-section-height-default\" data-id=\"06cc684\" data-element_type=\"section\" data-e-type=\"section\">\n\t\t\t\t\t\t<div class=\"elementor-container elementor-column-gap-default\">\n\t\t\t\t\t<div class=\"elementor-column elementor-col-100 elementor-inner-column elementor-element elementor-element-d6e762d\" data-id=\"d6e762d\" data-element_type=\"column\" data-e-type=\"column\">\n\t\t\t<div class=\"elementor-widget-wrap elementor-element-populated\">\n\t\t\t\t\t\t<div class=\"elementor-element elementor-element-6974b27 elementor-widget elementor-widget-text-editor\" data-id=\"6974b27\" data-element_type=\"widget\" data-e-type=\"widget\" data-widget_type=\"text-editor.default\">\n\t\t\t\t<div class=\"elementor-widget-container\">\n\t\t\t\t\t\t\t\t\t<h4>Le cours \u00ab\u00a0<strong>Introduction \u00e0 la philat\u00e9lie<\/strong>\u00a0\u00bb\u00a0 2\u00e8me \u00e9dition fran\u00e7aise 11-1995 a \u00e9t\u00e9 \u00e9dit\u00e9 par l&rsquo;<strong>Union des Soci\u00e9t\u00e9s Philat\u00e9liques Suisses<\/strong><\/h4><div><strong>\u00a0<\/strong><\/div><div><strong>La SPR Soci\u00e9t\u00e9 Philat\u00e9lique de Renens publie ici ces connaissances avec quequefois des liens sur des exemples ou autres articles.<\/strong><\/div><div><strong>\u00a0<\/strong><\/div><div><strong>\u00a0<\/strong><\/div>\t\t\t\t\t\t\t\t<\/div>\n\t\t\t\t<\/div>\n\t\t\t\t\t<\/div>\n\t\t<\/div>\n\t\t\t\t\t<\/div>\n\t\t<\/section>\n\t\t\t\t<div class=\"elementor-element elementor-element-a4bb132 elementor-widget elementor-widget-heading\" data-id=\"a4bb132\" data-element_type=\"widget\" data-e-type=\"widget\" data-widget_type=\"heading.default\">\n\t\t\t\t<div class=\"elementor-widget-container\">\n\t\t\t\t\t<h2 class=\"elementor-heading-title elementor-size-large\"><a href=\"http:\/\/01_Preface\">   1.  PREFACE<\/a><\/h2>\t\t\t\t<\/div>\n\t\t\t\t<\/div>\n\t\t\t\t<div class=\"elementor-element elementor-element-7a37b15 elementor-widget elementor-widget-image\" data-id=\"7a37b15\" data-element_type=\"widget\" data-e-type=\"widget\" data-widget_type=\"image.default\">\n\t\t\t\t<div class=\"elementor-widget-container\">\n\t\t\t\t\t\t\t\t\t\t\t\t\t\t\t<img decoding=\"async\" width=\"584\" height=\"893\" src=\"https:\/\/spr-renens.ch\/wp-content\/uploads\/01-Preface-670x1024.jpg\" class=\"attachment-large size-large wp-image-2644\" alt=\"\" srcset=\"https:\/\/spr-renens.ch\/wp-content\/uploads\/01-Preface-670x1024.jpg 670w, https:\/\/spr-renens.ch\/wp-content\/uploads\/01-Preface-196x300.jpg 196w, https:\/\/spr-renens.ch\/wp-content\/uploads\/01-Preface-768x1175.jpg 768w, https:\/\/spr-renens.ch\/wp-content\/uploads\/01-Preface-1004x1536.jpg 1004w, https:\/\/spr-renens.ch\/wp-content\/uploads\/01-Preface-1339x2048.jpg 1339w, https:\/\/spr-renens.ch\/wp-content\/uploads\/01-Preface-scaled.jpg 1674w\" sizes=\"(max-width: 584px) 100vw, 584px\" \/>\t\t\t\t\t\t\t\t\t\t\t\t\t\t\t<\/div>\n\t\t\t\t<\/div>\n\t\t\t\t\t<\/div>\n\t\t<\/div>\n\t\t\t\t\t<\/div>\n\t\t<\/section>\n\t\t\t\t<\/div>\n\t\t","protected":false},"excerpt":{"rendered":"<p>CONNAISSANCES DE BASE Pr\u00e9face Accessoires &#8211; catalogues Triage &#8211; Lavage &#8211; Conservation Fabrication des timbres, marques de contr\u00f4le, filigranes,\u00a0 Vari\u00e9t\u00e9s &#8211; D\u00e9fauts de planche &#8211; Retouches Qualit\u00e9 Oblit\u00e9rations Genres de collections Montage d&rsquo;une page d&rsquo;album Vente et Achat de timbres-poste &hellip; <a href=\"https:\/\/spr-renens.ch\/?page_id=2642\">Continuer la lecture <span class=\"meta-nav\">&rarr;<\/span><\/a><\/p>\n","protected":false},"author":1,"featured_media":0,"parent":0,"menu_order":0,"comment_status":"closed","ping_status":"closed","template":"elementor_header_footer","meta":{"footnotes":"","_links_to":"","_links_to_target":""},"class_list":["post-2642","page","type-page","status-publish","hentry"],"_links":{"self":[{"href":"https:\/\/spr-renens.ch\/index.php?rest_route=\/wp\/v2\/pages\/2642","targetHints":{"allow":["GET"]}}],"collection":[{"href":"https:\/\/spr-renens.ch\/index.php?rest_route=\/wp\/v2\/pages"}],"about":[{"href":"https:\/\/spr-renens.ch\/index.php?rest_route=\/wp\/v2\/types\/page"}],"author":[{"embeddable":true,"href":"https:\/\/spr-renens.ch\/index.php?rest_route=\/wp\/v2\/users\/1"}],"replies":[{"embeddable":true,"href":"https:\/\/spr-renens.ch\/index.php?rest_route=%2Fwp%2Fv2%2Fcomments&post=2642"}],"version-history":[{"count":36,"href":"https:\/\/spr-renens.ch\/index.php?rest_route=\/wp\/v2\/pages\/2642\/revisions"}],"predecessor-version":[{"id":2747,"href":"https:\/\/spr-renens.ch\/index.php?rest_route=\/wp\/v2\/pages\/2642\/revisions\/2747"}],"wp:attachment":[{"href":"https:\/\/spr-renens.ch\/index.php?rest_route=%2Fwp%2Fv2%2Fmedia&parent=2642"}],"curies":[{"name":"wp","href":"https:\/\/api.w.org\/{rel}","templated":true}]}}