{"id":19,"date":"2013-04-07T16:39:03","date_gmt":"2013-04-07T15:39:03","guid":{"rendered":"http:\/\/spr-renens.ch\/?page_id=19"},"modified":"2014-06-22T09:06:41","modified_gmt":"2014-06-22T07:06:41","slug":"la-prephilatelie","status":"publish","type":"page","link":"https:\/\/spr-renens.ch\/?page_id=19","title":{"rendered":"La pr\u00e9philat\u00e9lie"},"content":{"rendered":"<p><a href=\"http:\/\/spr-renens.ch\/wp-content\/uploads\/2013\/04\/1797-Berne_Marseille_Epidemie_1.jpg\"><img decoding=\"async\" class=\"alignnone size-medium wp-image-21\" src=\"http:\/\/spr-renens.ch\/wp-content\/uploads\/2013\/04\/1797-Berne_Marseille_Epidemie_1-300x138.jpg\" alt=\"1797 Berne_Marseille_Epidemie_1\" width=\"300\" height=\"138\" srcset=\"https:\/\/spr-renens.ch\/wp-content\/uploads\/2013\/04\/1797-Berne_Marseille_Epidemie_1-300x138.jpg 300w, https:\/\/spr-renens.ch\/wp-content\/uploads\/2013\/04\/1797-Berne_Marseille_Epidemie_1-1024x473.jpg 1024w, https:\/\/spr-renens.ch\/wp-content\/uploads\/2013\/04\/1797-Berne_Marseille_Epidemie_1-624x288.jpg 624w, https:\/\/spr-renens.ch\/wp-content\/uploads\/2013\/04\/1797-Berne_Marseille_Epidemie_1.jpg 1338w\" sizes=\"(max-width: 300px) 100vw, 300px\" \/><\/a><\/p>\n<p>Cette lettre date de 1797, p\u00e9riode sous l&rsquo;ancien r\u00e9gime, Le Conseil de la Sant\u00e9 Publique du Canton de Berne \u00e9crit \u00e0 leurs homologues de Marseille.<\/p>\n<p>La pr\u00e9philat\u00e9lie est la p\u00e9riode avant les timbres-postes. Sur des sites fran\u00e7ais on parle de Marcophilie.<\/p>\n<p>Sur ce site on distingue les p\u00e9riodes suivantes:<\/p>\n<ul>\n<li>avant 1792 (Suisse 1798)\u00a0\u00a0\u00a0\u00a0 Ancien r\u00e9gime<\/li>\n<li>1792 &#8211; 1814 \u00a0\u00a0\u00a0\u00a0\u00a0\u00a0\u00a0\u00a0\u00a0\u00a0\u00a0\u00a0\u00a0\u00a0\u00a0\u00a0\u00a0\u00a0\u00a0\u00a0\u00a0\u00a0\u00a0\u00a0 P\u00e9riode r\u00e9volutionnaire , (en Suisse Helv\u00e9tique et M\u00e9diation) ,\u00a0 \u00a0\u00a0\u00a0\u00a0\u00a0\u00a0\u00a0\u00a0\u00a0\u00a0\u00a0 \u00a0 \u00a0 \u00a0\u00a0\u00a0\u00a0\u00a0\u00a0\u00a0\u00a0\u00a0\u00a0\u00a0\u00a0\u00a0\u00a0\u00a0\u00a0\u00a0\u00a0\u00a0\u00a0\u00a0\u00a0\u00a0\u00a0\u00a0\u00a0\u00a0\u00a0\u00a0 en France \u00ab\u00a0D\u00e9partements Conquis\u00a0\u00bb<\/li>\n<li>1815 &#8230;&#8230;<\/li>\n<\/ul>\n","protected":false},"excerpt":{"rendered":"<p>Cette lettre date de 1797, p\u00e9riode sous l&rsquo;ancien r\u00e9gime, Le Conseil de la Sant\u00e9 Publique du Canton de Berne \u00e9crit \u00e0 leurs homologues de Marseille. La pr\u00e9philat\u00e9lie est la p\u00e9riode avant les timbres-postes. Sur des sites fran\u00e7ais on parle de &hellip; <a href=\"https:\/\/spr-renens.ch\/?page_id=19\">Continuer la lecture <span class=\"meta-nav\">&rarr;<\/span><\/a><\/p>\n","protected":false},"author":1,"featured_media":0,"parent":833,"menu_order":0,"comment_status":"open","ping_status":"open","template":"","meta":{"footnotes":"","_links_to":"","_links_to_target":""},"class_list":["post-19","page","type-page","status-publish","hentry"],"_links":{"self":[{"href":"https:\/\/spr-renens.ch\/index.php?rest_route=\/wp\/v2\/pages\/19","targetHints":{"allow":["GET"]}}],"collection":[{"href":"https:\/\/spr-renens.ch\/index.php?rest_route=\/wp\/v2\/pages"}],"about":[{"href":"https:\/\/spr-renens.ch\/index.php?rest_route=\/wp\/v2\/types\/page"}],"author":[{"embeddable":true,"href":"https:\/\/spr-renens.ch\/index.php?rest_route=\/wp\/v2\/users\/1"}],"replies":[{"embeddable":true,"href":"https:\/\/spr-renens.ch\/index.php?rest_route=%2Fwp%2Fv2%2Fcomments&post=19"}],"version-history":[{"count":13,"href":"https:\/\/spr-renens.ch\/index.php?rest_route=\/wp\/v2\/pages\/19\/revisions"}],"predecessor-version":[{"id":1033,"href":"https:\/\/spr-renens.ch\/index.php?rest_route=\/wp\/v2\/pages\/19\/revisions\/1033"}],"up":[{"embeddable":true,"href":"https:\/\/spr-renens.ch\/index.php?rest_route=\/wp\/v2\/pages\/833"}],"wp:attachment":[{"href":"https:\/\/spr-renens.ch\/index.php?rest_route=%2Fwp%2Fv2%2Fmedia&parent=19"}],"curies":[{"name":"wp","href":"https:\/\/api.w.org\/{rel}","templated":true}]}}