{"id":1425,"date":"2017-01-15T13:38:44","date_gmt":"2017-01-15T11:38:44","guid":{"rendered":"http:\/\/spr-renens.ch\/?page_id=1425"},"modified":"2017-01-15T18:07:24","modified_gmt":"2017-01-15T16:07:24","slug":"activites-spr-2016","status":"publish","type":"page","link":"https:\/\/spr-renens.ch\/?page_id=1425","title":{"rendered":"Activit\u00e9s SPR 2016"},"content":{"rendered":"<table style=\"height: 610px;\" width=\"673\">\n<tbody>\n<tr>\n<td width=\"129\">22.01.2016<\/td>\n<td width=\"262\">Conf\u00e9rence Marc Holbing :<\/td>\n<td colspan=\"2\" width=\"176\">Collection de Gen\u00e8ve<\/td>\n<\/tr>\n<tr>\n<td>19.02,2016<\/td>\n<td>Conf\u00e9rence Ernest Fehr<\/td>\n<td colspan=\"2\"><a href=\"http:\/\/spr-renens.ch\/?p=1455\">Le R\u00e9gional du Val-de-Travers<\/a><\/td>\n<\/tr>\n<tr>\n<td>06.03.2016<\/td>\n<td>Expo-Bourse Renens<\/td>\n<td colspan=\"2\">invit\u00e9 d&rsquo;honneur\u00a0 Del\u00e9mont<\/td>\n<\/tr>\n<tr>\n<td>18.03.2016<\/td>\n<td>Assembl\u00e9e g\u00e9n\u00e9rale<\/td>\n<td><\/td>\n<td><\/td>\n<\/tr>\n<tr>\n<td>22.04.2016<\/td>\n<td>Conf\u00e9rence Jean-Paul Jaccard<\/td>\n<td colspan=\"2\"><a href=\"http:\/\/spr-renens.ch\/?p=1450\">Le tunnel du Mont d&rsquo;Or<\/a><\/td>\n<\/tr>\n<tr>\n<td>20.05.2016<\/td>\n<td>Conf\u00e9rence Daniel Wenger<\/td>\n<td>Delcampe<\/td>\n<td><\/td>\n<\/tr>\n<tr>\n<td>24.06.2016<\/td>\n<td>Conf\u00e9rence Pierre Mathez<\/td>\n<td colspan=\"2\">Du ballon \u00e0 l&rsquo;a\u00e9ronautique<\/td>\n<\/tr>\n<tr>\n<td>03.07.2016<\/td>\n<td>Journ\u00e9e des familles \u00e0 Penthaz<\/td>\n<td><\/td>\n<td><\/td>\n<\/tr>\n<tr>\n<td>23.09.2016<\/td>\n<td>Conf\u00e9rence Pascal Schneider<\/td>\n<td colspan=\"2\">Helvetia debout, documents pour l&rsquo;\u00e9tranger<\/td>\n<\/tr>\n<tr>\n<td>24.09.2016<\/td>\n<td>R\u00e9union des pr\u00e9sidents romands<\/td>\n<td><\/td>\n<td><\/td>\n<\/tr>\n<tr>\n<td>21.10.2016<\/td>\n<td>Conf\u00e9rence Daniel Wenger<\/td>\n<td><a href=\"http:\/\/spr-renens.ch\/?p=1464\">Ouchy<\/a><\/td>\n<td><\/td>\n<\/tr>\n<tr>\n<td>30.10.2016<\/td>\n<td><a href=\"http:\/\/spr-renens.ch\/?p=1410\">Grand Loto fribourgeois avec Bingo<\/a><\/td>\n<td><\/td>\n<td><\/td>\n<\/tr>\n<tr>\n<td>05.11.2016<\/td>\n<td>Assembl\u00e9e des d\u00e9l\u00e9gu\u00e9es \u00e0 Brigue<\/td>\n<td><\/td>\n<td><\/td>\n<\/tr>\n<tr>\n<td>25.11.2016<\/td>\n<td>Conf\u00e9rence Edmond Martin<\/td>\n<td colspan=\"2\"><a href=\"http:\/\/spr-renens.ch\/?p=1437\">Les pionniers de l&rsquo;aviation : Les fr\u00eares Dufaux<\/a><\/td>\n<\/tr>\n<\/tbody>\n<\/table>\n","protected":false},"excerpt":{"rendered":"<p>22.01.2016 Conf\u00e9rence Marc Holbing : Collection de Gen\u00e8ve 19.02,2016 Conf\u00e9rence Ernest Fehr Le R\u00e9gional du Val-de-Travers 06.03.2016 Expo-Bourse Renens invit\u00e9 d&rsquo;honneur\u00a0 Del\u00e9mont 18.03.2016 Assembl\u00e9e g\u00e9n\u00e9rale 22.04.2016 Conf\u00e9rence Jean-Paul Jaccard Le tunnel du Mont d&rsquo;Or 20.05.2016 Conf\u00e9rence Daniel Wenger Delcampe 24.06.2016 &hellip; <a href=\"https:\/\/spr-renens.ch\/?page_id=1425\">Continuer la lecture <span class=\"meta-nav\">&rarr;<\/span><\/a><\/p>\n","protected":false},"author":1,"featured_media":0,"parent":833,"menu_order":0,"comment_status":"closed","ping_status":"closed","template":"","meta":{"footnotes":"","_links_to":"","_links_to_target":""},"class_list":["post-1425","page","type-page","status-publish","hentry"],"_links":{"self":[{"href":"https:\/\/spr-renens.ch\/index.php?rest_route=\/wp\/v2\/pages\/1425","targetHints":{"allow":["GET"]}}],"collection":[{"href":"https:\/\/spr-renens.ch\/index.php?rest_route=\/wp\/v2\/pages"}],"about":[{"href":"https:\/\/spr-renens.ch\/index.php?rest_route=\/wp\/v2\/types\/page"}],"author":[{"embeddable":true,"href":"https:\/\/spr-renens.ch\/index.php?rest_route=\/wp\/v2\/users\/1"}],"replies":[{"embeddable":true,"href":"https:\/\/spr-renens.ch\/index.php?rest_route=%2Fwp%2Fv2%2Fcomments&post=1425"}],"version-history":[{"count":6,"href":"https:\/\/spr-renens.ch\/index.php?rest_route=\/wp\/v2\/pages\/1425\/revisions"}],"predecessor-version":[{"id":1468,"href":"https:\/\/spr-renens.ch\/index.php?rest_route=\/wp\/v2\/pages\/1425\/revisions\/1468"}],"up":[{"embeddable":true,"href":"https:\/\/spr-renens.ch\/index.php?rest_route=\/wp\/v2\/pages\/833"}],"wp:attachment":[{"href":"https:\/\/spr-renens.ch\/index.php?rest_route=%2Fwp%2Fv2%2Fmedia&parent=1425"}],"curies":[{"name":"wp","href":"https:\/\/api.w.org\/{rel}","templated":true}]}}