{"id":1209,"date":"2015-09-06T18:50:13","date_gmt":"2015-09-06T16:50:13","guid":{"rendered":"http:\/\/spr-renens.ch\/?page_id=1209"},"modified":"2015-09-06T18:58:31","modified_gmt":"2015-09-06T16:58:31","slug":"activites-spr-2014","status":"publish","type":"page","link":"https:\/\/spr-renens.ch\/?page_id=1209","title":{"rendered":"Activit\u00e9s SPR 2014"},"content":{"rendered":"<table width=\"494\">\n<tbody>\n<tr>\n<td width=\"108\">24.01.2014<\/td>\n<td width=\"386\">S\u00e9ance avec animation<\/td>\n<\/tr>\n<tr>\n<td>21.02.2014<\/td>\n<td width=\"386\">Conf\u00e9rence de Daniel Wenger : <strong>La Poste Fischer<\/strong><\/td>\n<\/tr>\n<tr>\n<td>02.03.2014<\/td>\n<td><strong>42\u00e8me EXPO-BOURSE \u00e0 Renens<\/strong><\/td>\n<\/tr>\n<tr>\n<td>28.03.2014<\/td>\n<td>Assembl\u00e9e g\u00e9n\u00e9rale<\/td>\n<\/tr>\n<tr>\n<td>09.05.2014<\/td>\n<td>Conf\u00e9rence de Pierre Jaquenoud : <strong>UPU 1900<\/strong><\/td>\n<\/tr>\n<tr>\n<td>21.06.2014<\/td>\n<td><a href=\"http:\/\/spr-renens.ch\/wp-content\/uploads\/Photos_Refuge.pdf\"><b>Diner du jubil\u00e9 \u00ab\u00a050 ans\u00a0\u00bb au Refuge de Renens<\/b><\/a><\/td>\n<\/tr>\n<tr>\n<td>26.09.2014<\/td>\n<td width=\"386\">S\u00e9ance avec vente aux ench\u00e8res<\/td>\n<\/tr>\n<tr>\n<td>17.10.2014<\/td>\n<td width=\"386\">S\u00e9ance\u00a0 avec vente aux ench\u00e8res de lots, qui a rencontr\u00e9 un vif succ\u00e8s au niveau de la participation<\/td>\n<\/tr>\n<tr>\n<td>26.10.2014<\/td>\n<td>Loto\u00a0 \u00e0 la salle de Spectacles de Renens<\/td>\n<\/tr>\n<tr>\n<td>21.11.2014<\/td>\n<td>S\u00e9ance avec animation, jeu philat\u00e9lique<\/td>\n<\/tr>\n<tr>\n<td>29.11.2014<\/td>\n<td><b>Sortie \u00e0 Saignelegier\u00a0\u00a0\u00a0 fmphila\u201914\u00a0\u00a0\u00a0\u00a0 <\/b><\/td>\n<\/tr>\n<tr>\n<td><\/td>\n<td><\/td>\n<\/tr>\n<\/tbody>\n<\/table>\n","protected":false},"excerpt":{"rendered":"<p>24.01.2014 S\u00e9ance avec animation 21.02.2014 Conf\u00e9rence de Daniel Wenger : La Poste Fischer 02.03.2014 42\u00e8me EXPO-BOURSE \u00e0 Renens 28.03.2014 Assembl\u00e9e g\u00e9n\u00e9rale 09.05.2014 Conf\u00e9rence de Pierre Jaquenoud : UPU 1900 21.06.2014 Diner du jubil\u00e9 \u00ab\u00a050 ans\u00a0\u00bb au Refuge de Renens 26.09.2014 &hellip; <a href=\"https:\/\/spr-renens.ch\/?page_id=1209\">Continuer la lecture <span class=\"meta-nav\">&rarr;<\/span><\/a><\/p>\n","protected":false},"author":1,"featured_media":0,"parent":833,"menu_order":0,"comment_status":"closed","ping_status":"closed","template":"","meta":{"footnotes":"","_links_to":"","_links_to_target":""},"class_list":["post-1209","page","type-page","status-publish","hentry"],"_links":{"self":[{"href":"https:\/\/spr-renens.ch\/index.php?rest_route=\/wp\/v2\/pages\/1209","targetHints":{"allow":["GET"]}}],"collection":[{"href":"https:\/\/spr-renens.ch\/index.php?rest_route=\/wp\/v2\/pages"}],"about":[{"href":"https:\/\/spr-renens.ch\/index.php?rest_route=\/wp\/v2\/types\/page"}],"author":[{"embeddable":true,"href":"https:\/\/spr-renens.ch\/index.php?rest_route=\/wp\/v2\/users\/1"}],"replies":[{"embeddable":true,"href":"https:\/\/spr-renens.ch\/index.php?rest_route=%2Fwp%2Fv2%2Fcomments&post=1209"}],"version-history":[{"count":2,"href":"https:\/\/spr-renens.ch\/index.php?rest_route=\/wp\/v2\/pages\/1209\/revisions"}],"predecessor-version":[{"id":1212,"href":"https:\/\/spr-renens.ch\/index.php?rest_route=\/wp\/v2\/pages\/1209\/revisions\/1212"}],"up":[{"embeddable":true,"href":"https:\/\/spr-renens.ch\/index.php?rest_route=\/wp\/v2\/pages\/833"}],"wp:attachment":[{"href":"https:\/\/spr-renens.ch\/index.php?rest_route=%2Fwp%2Fv2%2Fmedia&parent=1209"}],"curies":[{"name":"wp","href":"https:\/\/api.w.org\/{rel}","templated":true}]}}