{"id":106,"date":"2013-04-14T15:05:15","date_gmt":"2013-04-14T14:05:15","guid":{"rendered":"http:\/\/spr-renens.ch\/?page_id=106"},"modified":"2024-06-23T17:34:30","modified_gmt":"2024-06-23T15:34:30","slug":"jeunesse-juniors","status":"publish","type":"page","link":"https:\/\/spr-renens.ch\/?page_id=106","title":{"rendered":"JEUNESSE &#8211; JUNIORS"},"content":{"rendered":"\t\t<div data-elementor-type=\"wp-page\" data-elementor-id=\"106\" class=\"elementor elementor-106\">\n\t\t\t\t\t\t<section class=\"elementor-section elementor-top-section elementor-element elementor-element-7c336be4 elementor-section-boxed elementor-section-height-default elementor-section-height-default\" data-id=\"7c336be4\" data-element_type=\"section\" data-e-type=\"section\">\n\t\t\t\t\t\t<div class=\"elementor-container elementor-column-gap-default\">\n\t\t\t\t\t<div class=\"elementor-column elementor-col-100 elementor-top-column elementor-element elementor-element-5a28d6e2\" data-id=\"5a28d6e2\" data-element_type=\"column\" data-e-type=\"column\">\n\t\t\t<div class=\"elementor-widget-wrap elementor-element-populated\">\n\t\t\t\t\t\t<div class=\"elementor-element elementor-element-f1098c1 elementor-widget elementor-widget-text-editor\" data-id=\"f1098c1\" data-element_type=\"widget\" data-e-type=\"widget\" data-widget_type=\"text-editor.default\">\n\t\t\t\t<div class=\"elementor-widget-container\">\n\t\t\t\t\t\t\t\t\t<p>En 2024 nous organisons deux passeport-vacances :\u00a0\u00a0<\/p><p><b><span style=\"font-size: 16.0pt; mso-bidi-font-size: 11.0pt; line-height: 115%; font-family: 'Calibri','sans-serif'; mso-ascii-theme-font: minor-latin; mso-fareast-font-family: Calibri; mso-fareast-theme-font: minor-latin; mso-hansi-theme-font: minor-latin; mso-bidi-font-family: 'Times New Roman'; mso-bidi-theme-font: minor-bidi; mso-ansi-language: FR-CH; mso-fareast-language: EN-US; mso-bidi-language: AR-SA;\">Passeport vacances du vendredi 9 ao\u00fbt 2024 \u00e0 Renens\u00a0: \u00a0\u00a0\u00a0\u00a0\u00a0\u00a0\u00a0\u00a0\u00a0\u00a0<a href=\"http:\/\/spr-renens.ch\/?p=3150\">Activit\u00e9 3230 : D\u00e9corer une lettre<\/a><\/span><\/b><\/p><h2><b>Passeport vacances du 5 et 6 ao\u00fbt 2024 \u00e0 Bussigny :<\/b><\/h2><p><b>\u00a0 \u00a0 \u00a0 \u00a0 \u00a0 \u00a0 \u00a0<a href=\"https:\/\/spr-renens.ch\/?p=3190\">Activit\u00e9 3140 : Collectionner des timbres<\/a><\/b><\/p><p>\u00a0<\/p><div><b>\u00a0<\/b><\/div><p>\u00a0<\/p>\t\t\t\t\t\t\t\t<\/div>\n\t\t\t\t<\/div>\n\t\t\t\t<div class=\"elementor-element elementor-element-5380afe elementor-widget elementor-widget-image\" data-id=\"5380afe\" data-element_type=\"widget\" data-e-type=\"widget\" data-widget_type=\"image.default\">\n\t\t\t\t<div class=\"elementor-widget-container\">\n\t\t\t\t\t\t\t\t\t\t\t\t\t\t\t<img fetchpriority=\"high\" decoding=\"async\" width=\"584\" height=\"826\" src=\"https:\/\/spr-renens.ch\/wp-content\/uploads\/Appel-aux-Jeunes-724x1024.jpg\" class=\"attachment-large size-large wp-image-2412\" alt=\"\" srcset=\"https:\/\/spr-renens.ch\/wp-content\/uploads\/Appel-aux-Jeunes-724x1024.jpg 724w, https:\/\/spr-renens.ch\/wp-content\/uploads\/Appel-aux-Jeunes-212x300.jpg 212w, https:\/\/spr-renens.ch\/wp-content\/uploads\/Appel-aux-Jeunes-768x1086.jpg 768w, https:\/\/spr-renens.ch\/wp-content\/uploads\/Appel-aux-Jeunes-1086x1536.jpg 1086w, https:\/\/spr-renens.ch\/wp-content\/uploads\/Appel-aux-Jeunes.jpg 1240w\" sizes=\"(max-width: 584px) 100vw, 584px\" \/>\t\t\t\t\t\t\t\t\t\t\t\t\t\t\t<\/div>\n\t\t\t\t<\/div>\n\t\t\t\t<div class=\"elementor-element elementor-element-494f746c elementor-widget elementor-widget-text-editor\" data-id=\"494f746c\" data-element_type=\"widget\" data-e-type=\"widget\" data-widget_type=\"text-editor.default\">\n\t\t\t\t<div class=\"elementor-widget-container\">\n\t\t\t\t\t\t\t\t\t<h2>Rejoignez notre groupe \u00ab\u00a0Juniors\u00a0\u00bb<\/h2><h4>Des Jeunes entre 8 \u00e0 16 ans du Ouest Lausannois , qui souhaitent s&rsquo;initier ou approfondir leurs connaissances, peuvent signaler leur int\u00e9r\u00eat soit par un e-mail sur la page contact , en indiquant leur adresse et e-mail , soit par courrier ou par mail :\u00a0 Jeunesse@spr-renens.ch<\/h4><h4>.<\/h4><div id=\"attachment_1528\" style=\"width: 502px\" class=\"wp-caption alignnone\"><img decoding=\"async\" aria-describedby=\"caption-attachment-1528\" class=\" wp-image-1528\" src=\"http:\/\/spr-renens.ch\/wp-content\/uploads\/170206_Philexpo_Jugendblock-2-300x191.png\" alt=\"Bloc \u00e9mis en 2017 par le Liechtenstein avec le th\u00e8me \" width=\"492\" height=\"313\" srcset=\"https:\/\/spr-renens.ch\/wp-content\/uploads\/170206_Philexpo_Jugendblock-2-300x191.png 300w, https:\/\/spr-renens.ch\/wp-content\/uploads\/170206_Philexpo_Jugendblock-2.png 602w\" sizes=\"(max-width: 492px) 100vw, 492px\" \/><p id=\"caption-attachment-1528\" class=\"wp-caption-text\">Bloc \u00e9mis en 2017 par le Liechtenstein avec le th\u00e8me \u00ab\u00a0Philat\u00e9lie de Jeunesse\u00a0\u00bb:<br \/>&#8211; des philat\u00e9listes savent plus<br \/>&#8211; Philat\u00e9lie fait plaisir<br \/>&#8211; Philat\u00e9lie relie mondialement<\/p><\/div><p><strong><a href=\"http:\/\/spr-renens.ch\/wp-content\/uploads\/Juniors_SPR_Pierre-Mathez.pdf\">Juniors_SPR_Pierre Mathez<\/a>\u00a0\u00a0\u00a0 Article de Pierre Mathez paru dans la plaquette du 50\u00e8me anniversaire<\/strong><\/p><p><strong><a href=\"http:\/\/spr-renens.ch\/wp-content\/uploads\/Composition_oblit\u00e9rations.pdf\">Les belles oblit\u00e9rations<\/a>\u00a0 Article de Pierre Mathez<\/strong> paru dans la plaquette du 50\u00e8me.<\/p><h4>Nous souhaitons vous enseigner les bases , que vous pouvez aussi consulter sur le site <a title=\"Connaissances de base\" href=\"http:\/\/www.briefmarkensammler.ch\/fr\/activites\/collection_etude.php\" target=\"_blank\" rel=\"noopener\">http:\/\/www.briefmarkensammler.ch\/fr\/activites\/collection_etude.php<\/a><\/h4><h4><a href=\"https:\/\/www.timbres-poste.ch\/fr\/comprendre\/modules-de-cours\">https:\/\/www.timbres-poste.ch\/fr\/comprendre\/modules-de-cours<\/a><\/h4><p><a href=\"http:\/\/www.vsphv.ch\/fr\/jeunesse\/archives-zack\/\">Les \u00e9ditions du ZACK peuvent vous apprendre beaucoup<\/a><\/p><h4>Dans le cadre de cette formation, vous allez profiter pas seulement par des nouvelles connaissances, mais aussi des timbres-postes pour compl\u00e9ter votre collection. On va apprendre a mettre votre collection en valeur sur des feuilles d&rsquo;exposition et visiter des expositions.<\/h4><h4>Comment d\u00e9coller un timbre d&rsquo;une enveloppe ? <a href=\"http:\/\/www.matvpratique.com\/video\/14655-philatelie-comment-decoller-un-timbre-d-une-enveloppe\" target=\"_blank\" rel=\"noopener\">http:\/\/www.matvpratique.com\/video\/14655-philatelie-comment-decoller-un-timbre-d-une-enveloppe<\/a><\/h4><h4><\/h4><\/div><\/div><\/div><\/div><\/div><\/section><\/div> <a href=\"https:\/\/spr-renens.ch\/?page_id=106#more-106\" class=\"more-link elementor-more-link\"><span aria-label=\"Poursuivre la lecture JEUNESSE &#8211; JUNIORS\">(plus\u2026)<\/span><\/a>","protected":false},"excerpt":{"rendered":"<p>En 2024 nous organisons deux passeport-vacances :\u00a0\u00a0 Passeport vacances du vendredi 9 ao\u00fbt 2024 \u00e0 Renens\u00a0: \u00a0\u00a0\u00a0\u00a0\u00a0\u00a0\u00a0\u00a0\u00a0\u00a0Activit\u00e9 3230 : D\u00e9corer une lettre Passeport vacances du 5 et 6 ao\u00fbt 2024 \u00e0 Bussigny : \u00a0 \u00a0 \u00a0 \u00a0 \u00a0 \u00a0 \u00a0Activit\u00e9 &hellip; <a href=\"https:\/\/spr-renens.ch\/?page_id=106\">Continuer la lecture <span class=\"meta-nav\">&rarr;<\/span><\/a><\/p>\n","protected":false},"author":1,"featured_media":0,"parent":0,"menu_order":0,"comment_status":"open","ping_status":"open","template":"","meta":{"footnotes":"","_links_to":"","_links_to_target":""},"class_list":["post-106","page","type-page","status-publish","hentry"],"_links":{"self":[{"href":"https:\/\/spr-renens.ch\/index.php?rest_route=\/wp\/v2\/pages\/106","targetHints":{"allow":["GET"]}}],"collection":[{"href":"https:\/\/spr-renens.ch\/index.php?rest_route=\/wp\/v2\/pages"}],"about":[{"href":"https:\/\/spr-renens.ch\/index.php?rest_route=\/wp\/v2\/types\/page"}],"author":[{"embeddable":true,"href":"https:\/\/spr-renens.ch\/index.php?rest_route=\/wp\/v2\/users\/1"}],"replies":[{"embeddable":true,"href":"https:\/\/spr-renens.ch\/index.php?rest_route=%2Fwp%2Fv2%2Fcomments&post=106"}],"version-history":[{"count":36,"href":"https:\/\/spr-renens.ch\/index.php?rest_route=\/wp\/v2\/pages\/106\/revisions"}],"predecessor-version":[{"id":3213,"href":"https:\/\/spr-renens.ch\/index.php?rest_route=\/wp\/v2\/pages\/106\/revisions\/3213"}],"wp:attachment":[{"href":"https:\/\/spr-renens.ch\/index.php?rest_route=%2Fwp%2Fv2%2Fmedia&parent=106"}],"curies":[{"name":"wp","href":"https:\/\/api.w.org\/{rel}","templated":true}]}}